{"id":13799,"date":"2024-04-24T10:41:16","date_gmt":"2024-04-24T10:41:16","guid":{"rendered":"https:\/\/jaeger-envirotech.com\/?page_id=13799"},"modified":"2026-02-10T12:36:14","modified_gmt":"2026-02-10T12:36:14","slug":"ueber-uns","status":"publish","type":"page","link":"https:\/\/jaeger-envirotech.com\/de\/ueber-uns\/","title":{"rendered":"\u00dcber uns"},"content":{"rendered":"\t\t<div data-elementor-type=\"wp-page\" data-elementor-id=\"13799\" class=\"elementor elementor-13799\" data-elementor-post-type=\"page\">\n\t\t\t\t<div class=\"elementor-element elementor-element-b98ec5f e-con-full e-flex e-con e-parent\" data-id=\"b98ec5f\" data-element_type=\"container\" data-e-type=\"container\" data-settings=\"{&quot;background_background&quot;:&quot;classic&quot;,&quot;animation&quot;:&quot;none&quot;,&quot;shape_divider_bottom&quot;:&quot;opacity-tilt&quot;}\">\n\t\t\t\t<div class=\"elementor-shape elementor-shape-bottom\" aria-hidden=\"true\" data-negative=\"false\">\n\t\t\t<svg xmlns=\"http:\/\/www.w3.org\/2000\/svg\" viewBox=\"0 0 2600 131.1\" preserveAspectRatio=\"none\">\n\t<path class=\"elementor-shape-fill\" d=\"M0 0L2600 0 2600 69.1 0 0z\"\/>\n\t<path class=\"elementor-shape-fill\" style=\"opacity:0.5\" d=\"M0 0L2600 0 2600 69.1 0 69.1z\"\/>\n\t<path class=\"elementor-shape-fill\" style=\"opacity:0.25\" d=\"M2600 0L0 0 0 130.1 2600 69.1z\"\/>\n<\/svg>\t\t<\/div>\n\t\t\t\t<\/div>\n\t\t<div class=\"elementor-element elementor-element-73d4a84 e-flex e-con-boxed e-con e-parent\" data-id=\"73d4a84\" data-element_type=\"container\" data-e-type=\"container\">\n\t\t\t\t\t<div class=\"e-con-inner\">\n\t\t\t\t<div class=\"elementor-element elementor-element-0ffc3ad elementor-widget__width-inherit elementor-widget elementor-widget-heading\" data-id=\"0ffc3ad\" data-element_type=\"widget\" data-e-type=\"widget\" data-widget_type=\"heading.default\">\n\t\t\t\t<div class=\"elementor-widget-container\">\n\t\t\t\t\t<h1 class=\"elementor-heading-title elementor-size-default\">\u00dcber uns<\/h1>\t\t\t\t<\/div>\n\t\t\t\t<\/div>\n\t\t\t\t<div class=\"elementor-element elementor-element-c069de3 headlineGreen elementor-widget__width-inherit elementor-widget elementor-widget-heading\" data-id=\"c069de3\" data-element_type=\"widget\" data-e-type=\"widget\" data-widget_type=\"heading.default\">\n\t\t\t\t<div class=\"elementor-widget-container\">\n\t\t\t\t\t<p class=\"elementor-heading-title elementor-size-default\">Unsere Geschichte<\/p>\t\t\t\t<\/div>\n\t\t\t\t<\/div>\n\t\t\t\t<div class=\"elementor-element elementor-element-893bf84 elementor-widget__width-initial elementor-widget-tablet__width-inherit elementor-widget elementor-widget-text-editor\" data-id=\"893bf84\" data-element_type=\"widget\" data-e-type=\"widget\" data-widget_type=\"text-editor.default\">\n\t\t\t\t<div class=\"elementor-widget-container\">\n\t\t\t\t\t\t\t\t\t<div class=\"ewa-rteLine\">Das Team der Jaeger EnviroTech GmbH besteht, neben den wichtigen Mitarbeiter:innen in der Produktion und Administration, aus hochqualifizierten Ingenieur:innen, Umwelttechniker:innen, die mithilfe ihrer Expertise innovative und ma\u00dfgeschneiderte L\u00f6sungen entwickeln und vertreiben. Hierbei steht in zunehmendem Ma\u00dfe der verantwortungsvolle Umgang mit unseren Ressourcen, Umweltvertr\u00e4glichkeit der verwendeten Materialien, die Effizienz der Prozesse und die Nachhaltigkeit der eingesetzten Technologien im Fokus unseres Schaffens.<\/div><div class=\"ewa-rteLine\">\u00a0<\/div><div class=\"ewa-rteLine\">In den fr\u00fchen 1970er Jahren entwickelte Arnold J\u00e4ger den weltweit ersten Rohrbel\u00fcfter, der dauerhaft intermittierend betrieben werden konnte.\u00a0<\/div>\t\t\t\t\t\t\t\t<\/div>\n\t\t\t\t<\/div>\n\t\t\t\t<div class=\"elementor-element elementor-element-9dc549d elementor-widget__width-initial elementor-widget-tablet__width-inherit elementor-widget elementor-widget-text-editor\" data-id=\"9dc549d\" data-element_type=\"widget\" data-e-type=\"widget\" data-widget_type=\"text-editor.default\">\n\t\t\t\t<div class=\"elementor-widget-container\">\n\t\t\t\t\t\t\t\t\t<div class=\"ewa-rteLine\">Mit dieser Erfindung ebnete er den Weg zu einer neuen Generation von Bel\u00fcftern, dem Membranbel\u00fcfter. Dieser Erfindung folgten viele Weitere, die alle zum Ziel hatten, die Bel\u00fcftungstechnik zu optimieren. Heute haben wir einen Punkt erreicht, an dem h\u00f6chste Effizienz und Qualit\u00e4t eine Selbstverst\u00e4ndlichkeit sind.<\/div><div class=\"ewa-rteLine\">\u00a0<\/div><div class=\"ewa-rteLine\">Wir gehen \u00fcber diesen Anspruch hinaus:<\/div><div class=\"ewa-rteLine\">Die neueste Generation von J\u00e4ger-Bel\u00fcftern basiert auf recycelten Kunststoffen, sie verzichtet auf Klebstoffe, sie hinterl\u00e4sst in der Herstellung einen geringen CO2-Fu\u00dfabdruck und sie ist durchgehend recyclebar.\u00a0<\/div>\t\t\t\t\t\t\t\t<\/div>\n\t\t\t\t<\/div>\n\t\t\t\t\t<\/div>\n\t\t\t\t<\/div>\n\t\t<div class=\"elementor-element elementor-element-0b0e255 e-flex e-con-boxed e-con e-parent\" data-id=\"0b0e255\" data-element_type=\"container\" data-e-type=\"container\" data-settings=\"{&quot;background_background&quot;:&quot;classic&quot;}\">\n\t\t\t\t\t<div class=\"e-con-inner\">\n\t\t<div class=\"elementor-element elementor-element-eb53e43 e-con-full e-flex e-con e-child\" data-id=\"eb53e43\" data-element_type=\"container\" data-e-type=\"container\">\n\t\t\t\t<div class=\"elementor-element elementor-element-d46d666 elementor-widget elementor-widget-text-editor\" data-id=\"d46d666\" data-element_type=\"widget\" data-e-type=\"widget\" data-widget_type=\"text-editor.default\">\n\t\t\t\t<div class=\"elementor-widget-container\">\n\t\t\t\t\t\t\t\t\t<p>Wir sind ein f\u00fchrendes Unternehmen im Bereich der Umwelttechnologien und Teil der traditionsreichen J\u00e4ger Group. Das Unternehmen bietet eine breite Palette innovativer und nachhaltiger L\u00f6sungen f\u00fcr die Wasser- und Abwasserbehandlung, Luftreinigung sowie Energie- und Umwelttechnik. Mit einem starken Fokus auf Forschung und Entwicklung sowie ma\u00dfgeschneiderten Produkten erf\u00fcllt Jaeger EnviroTech GmbH die spezifischen Bed\u00fcrfnisse seiner globalen Kundschaft. Dank ihrer umweltfreundlichen Technologien und einem umfassenden Service tr\u00e4gt die J\u00e4ger Umwelt Technik entscheidend zur Verbesserung der Umweltbedingungen und zur F\u00f6rderung der Nachhaltigkeit bei.<\/p>\t\t\t\t\t\t\t\t<\/div>\n\t\t\t\t<\/div>\n\t\t\t\t<div class=\"elementor-element elementor-element-528a7ed elementor-align-left elementor-widget elementor-widget-button\" data-id=\"528a7ed\" data-element_type=\"widget\" data-e-type=\"widget\" data-widget_type=\"button.default\">\n\t\t\t\t<div class=\"elementor-widget-container\">\n\t\t\t\t\t\t\t\t\t<div class=\"elementor-button-wrapper\">\n\t\t\t\t\t<a class=\"elementor-button elementor-button-link elementor-size-lg\" href=\"https:\/\/jaeger-envirotech.com\/produkte\/\">\n\t\t\t\t\t\t<span class=\"elementor-button-content-wrapper\">\n\t\t\t\t\t\t<span class=\"elementor-button-icon\">\n\t\t\t\t<i aria-hidden=\"true\" class=\"fas fa-caret-right\"><\/i>\t\t\t<\/span>\n\t\t\t\t\t\t\t\t\t<span class=\"elementor-button-text\">Finden Sie mehr zu unseren Produkten<\/span>\n\t\t\t\t\t<\/span>\n\t\t\t\t\t<\/a>\n\t\t\t\t<\/div>\n\t\t\t\t\t\t\t\t<\/div>\n\t\t\t\t<\/div>\n\t\t\t\t<\/div>\n\t\t<div class=\"elementor-element elementor-element-1ba7553 e-con-full e-flex e-con e-child\" data-id=\"1ba7553\" data-element_type=\"container\" data-e-type=\"container\" data-settings=\"{&quot;background_background&quot;:&quot;classic&quot;}\">\n\t\t<div class=\"elementor-element elementor-element-2ba58ba e-con-full e-flex e-con e-child\" data-id=\"2ba58ba\" data-element_type=\"container\" data-e-type=\"container\" data-settings=\"{&quot;background_background&quot;:&quot;classic&quot;}\">\n\t\t\t\t<div class=\"elementor-element elementor-element-f869d4a elementor-widget elementor-widget-counter\" data-id=\"f869d4a\" data-element_type=\"widget\" data-e-type=\"widget\" data-widget_type=\"counter.default\">\n\t\t\t\t<div class=\"elementor-widget-container\">\n\t\t\t\t\t\t\t<div class=\"elementor-counter\">\n\t\t\t\t\t\t<div class=\"elementor-counter-number-wrapper\">\n\t\t\t\t<span class=\"elementor-counter-number-prefix\"><\/span>\n\t\t\t\t<span class=\"elementor-counter-number\" data-duration=\"1000\" data-to-value=\"45\" data-from-value=\"0\" data-delimiter=\",\">0<\/span>\n\t\t\t\t<span class=\"elementor-counter-number-suffix\">+<\/span>\n\t\t\t<\/div>\n\t\t<\/div>\n\t\t\t\t\t\t<\/div>\n\t\t\t\t<\/div>\n\t\t\t\t<div class=\"elementor-element elementor-element-ab2fd1c elementor-widget elementor-widget-heading\" data-id=\"ab2fd1c\" data-element_type=\"widget\" data-e-type=\"widget\" data-widget_type=\"heading.default\">\n\t\t\t\t<div class=\"elementor-widget-container\">\n\t\t\t\t\t<h6 class=\"elementor-heading-title elementor-size-default\">Jahre Erfahrung<\/h6>\t\t\t\t<\/div>\n\t\t\t\t<\/div>\n\t\t\t\t<\/div>\n\t\t<div class=\"elementor-element elementor-element-6a759c8 e-con-full e-flex e-con e-child\" data-id=\"6a759c8\" data-element_type=\"container\" data-e-type=\"container\" data-settings=\"{&quot;background_background&quot;:&quot;classic&quot;}\">\n\t\t\t\t<div class=\"elementor-element elementor-element-90a1c4f elementor-widget elementor-widget-counter\" data-id=\"90a1c4f\" data-element_type=\"widget\" data-e-type=\"widget\" data-widget_type=\"counter.default\">\n\t\t\t\t<div class=\"elementor-widget-container\">\n\t\t\t\t\t\t\t<div class=\"elementor-counter\">\n\t\t\t\t\t\t<div class=\"elementor-counter-number-wrapper\">\n\t\t\t\t<span class=\"elementor-counter-number-prefix\"><\/span>\n\t\t\t\t<span class=\"elementor-counter-number\" data-duration=\"1000\" data-to-value=\"40\" data-from-value=\"0\" data-delimiter=\",\">0<\/span>\n\t\t\t\t<span class=\"elementor-counter-number-suffix\">+<\/span>\n\t\t\t<\/div>\n\t\t<\/div>\n\t\t\t\t\t\t<\/div>\n\t\t\t\t<\/div>\n\t\t\t\t<div class=\"elementor-element elementor-element-455ec94 elementor-widget elementor-widget-heading\" data-id=\"455ec94\" data-element_type=\"widget\" data-e-type=\"widget\" data-widget_type=\"heading.default\">\n\t\t\t\t<div class=\"elementor-widget-container\">\n\t\t\t\t\t<h6 class=\"elementor-heading-title elementor-size-default\">Engagierte Mitarbeiter<\/h6>\t\t\t\t<\/div>\n\t\t\t\t<\/div>\n\t\t\t\t<\/div>\n\t\t<div class=\"elementor-element elementor-element-7cd2b00 e-con-full e-flex e-con e-child\" data-id=\"7cd2b00\" data-element_type=\"container\" data-e-type=\"container\" data-settings=\"{&quot;background_background&quot;:&quot;classic&quot;}\">\n\t\t\t\t<div class=\"elementor-element elementor-element-42ac0b0 elementor-widget elementor-widget-counter\" data-id=\"42ac0b0\" data-element_type=\"widget\" data-e-type=\"widget\" data-widget_type=\"counter.default\">\n\t\t\t\t<div class=\"elementor-widget-container\">\n\t\t\t\t\t\t\t<div class=\"elementor-counter\">\n\t\t\t\t\t\t<div class=\"elementor-counter-number-wrapper\">\n\t\t\t\t<span class=\"elementor-counter-number-prefix\"><\/span>\n\t\t\t\t<span class=\"elementor-counter-number\" data-duration=\"1000\" data-to-value=\"3\" data-from-value=\"0\" data-delimiter=\",\">0<\/span>\n\t\t\t\t<span class=\"elementor-counter-number-suffix\"><\/span>\n\t\t\t<\/div>\n\t\t<\/div>\n\t\t\t\t\t\t<\/div>\n\t\t\t\t<\/div>\n\t\t\t\t<div class=\"elementor-element elementor-element-5fce72d elementor-widget elementor-widget-heading\" data-id=\"5fce72d\" data-element_type=\"widget\" data-e-type=\"widget\" data-widget_type=\"heading.default\">\n\t\t\t\t<div class=\"elementor-widget-container\">\n\t\t\t\t\t<h6 class=\"elementor-heading-title elementor-size-default\">Internationale Standorte<\/h6>\t\t\t\t<\/div>\n\t\t\t\t<\/div>\n\t\t\t\t<\/div>\n\t\t\t\t<\/div>\n\t\t\t\t\t<\/div>\n\t\t\t\t<\/div>\n\t\t<div class=\"elementor-element elementor-element-3066dfc e-flex e-con-boxed e-con e-parent\" data-id=\"3066dfc\" data-element_type=\"container\" data-e-type=\"container\">\n\t\t\t\t\t<div class=\"e-con-inner\">\n\t\t<div class=\"elementor-element elementor-element-4cbc437 e-con-full e-flex e-con e-child\" data-id=\"4cbc437\" data-element_type=\"container\" data-e-type=\"container\">\n\t\t\t\t<div class=\"elementor-element elementor-element-f833057 elementor-widget elementor-widget-heading\" data-id=\"f833057\" data-element_type=\"widget\" data-e-type=\"widget\" data-widget_type=\"heading.default\">\n\t\t\t\t<div class=\"elementor-widget-container\">\n\t\t\t\t\t<h2 class=\"elementor-heading-title elementor-size-default\">Unsere Vision<\/h2>\t\t\t\t<\/div>\n\t\t\t\t<\/div>\n\t\t\t\t<div class=\"elementor-element elementor-element-b03f57b elementor-widget elementor-widget-text-editor\" data-id=\"b03f57b\" data-element_type=\"widget\" data-e-type=\"widget\" data-widget_type=\"text-editor.default\">\n\t\t\t\t<div class=\"elementor-widget-container\">\n\t\t\t\t\t\t\t\t\t<div class=\"ewa-rteLine\">Es gibt nur wenige Themen, \u00fcber die weltweit ein wissenschaftlicher und politischer Konsens besteht. Die Bedeutung von Wasser f\u00fcr unsere Existenz ist eines davon. Wir, die Mitarbeiter:innen der Jaeger EnviroTech GmbH, f\u00fchlen uns den Sustainable Development Goals der Vereinten Nationen verpflichtet, insbesondere dem SDG Nr.6. Wir leisten mit unserer Arbeit einen t\u00e4glichen Beitrag zur Erreichung der hierin definierten Ziele.<\/div><div class=\"ewa-rteLine\">\u00a0<\/div><div class=\"ewa-rteLine\">Unsere Vision ist ein kontinuierlich wachsender Beitrag zum Schutz des Wassers, basierend auf unseren Technologien und Leistungen.<\/div>\t\t\t\t\t\t\t\t<\/div>\n\t\t\t\t<\/div>\n\t\t\t\t<\/div>\n\t\t<div class=\"elementor-element elementor-element-4650507 e-con-full e-flex e-con e-child\" data-id=\"4650507\" data-element_type=\"container\" data-e-type=\"container\">\n\t\t\t\t<div class=\"elementor-element elementor-element-3048e9c elementor-widget elementor-widget-image\" data-id=\"3048e9c\" data-element_type=\"widget\" data-e-type=\"widget\" data-widget_type=\"image.default\">\n\t\t\t\t<div class=\"elementor-widget-container\">\n\t\t\t\t\t\t\t\t\t\t\t\t\t\t\t<img fetchpriority=\"high\" decoding=\"async\" width=\"2000\" height=\"1335\" src=\"https:\/\/jaeger-envirotech.com\/wp-content\/uploads\/bilder\/AdobeStock_59283328.jpg\" class=\"attachment-large size-large wp-image-15380\" alt=\"\" \/>\t\t\t\t\t\t\t\t\t\t\t\t\t\t\t<\/div>\n\t\t\t\t<\/div>\n\t\t\t\t<\/div>\n\t\t\t\t\t<\/div>\n\t\t\t\t<\/div>\n\t\t<div class=\"elementor-element elementor-element-e3dfe1b e-con-full e-flex e-con e-parent\" data-id=\"e3dfe1b\" data-element_type=\"container\" data-e-type=\"container\">\n\t\t\t\t<div class=\"elementor-element elementor-element-47b77c7 elementor-widget elementor-widget-shortcode\" data-id=\"47b77c7\" data-element_type=\"widget\" data-e-type=\"widget\" data-widget_type=\"shortcode.default\">\n\t\t\t\t<div class=\"elementor-widget-container\">\n\t\t\t\t\t\t\t<div class=\"elementor-shortcode\">\t\t<div data-elementor-type=\"container\" data-elementor-id=\"16555\" class=\"elementor elementor-16555\" data-elementor-post-type=\"elementor_library\">\n\t\t\t\t<div class=\"elementor-element elementor-element-4ca40bf e-con-full e-flex e-con e-parent\" data-id=\"4ca40bf\" data-element_type=\"container\" data-e-type=\"container\">\n\t\t<div class=\"elementor-element elementor-element-e4fd546 e-con-full e-flex e-con e-child\" data-id=\"e4fd546\" data-element_type=\"container\" data-e-type=\"container\" data-settings=\"{&quot;position&quot;:&quot;fixed&quot;,&quot;background_background&quot;:&quot;classic&quot;}\">\n\t\t\t\t<div class=\"elementor-element elementor-element-c285f8d elementor-hidden-desktop elementor-hidden-tablet elementor-view-default elementor-widget elementor-widget-icon\" data-id=\"c285f8d\" data-element_type=\"widget\" data-e-type=\"widget\" data-widget_type=\"icon.default\">\n\t\t\t\t<div class=\"elementor-widget-container\">\n\t\t\t\t\t\t\t<div class=\"elementor-icon-wrapper\">\n\t\t\t<a class=\"elementor-icon\" href=\"#elementor-action%3Aaction%3Dpopup%3Aopen%26settings%3DeyJpZCI6MTM3NTksInRvZ2dsZSI6ZmFsc2V9\">\n\t\t\t<i aria-hidden=\"true\" class=\"fas fa-comments\"><\/i>\t\t\t<\/a>\n\t\t<\/div>\n\t\t\t\t\t\t<\/div>\n\t\t\t\t<\/div>\n\t\t\t\t<div class=\"elementor-element elementor-element-3dcc403 elementor-hidden-mobile elementor-tablet-position-inline-start elementor-view-default elementor-position-block-start elementor-mobile-position-block-start elementor-widget elementor-widget-icon-box\" data-id=\"3dcc403\" data-element_type=\"widget\" data-e-type=\"widget\" data-widget_type=\"icon-box.default\">\n\t\t\t\t<div class=\"elementor-widget-container\">\n\t\t\t\t\t\t\t<div class=\"elementor-icon-box-wrapper\">\n\n\t\t\t\t\t\t<div class=\"elementor-icon-box-icon\">\n\t\t\t\t<a href=\"#elementor-action%3Aaction%3Dpopup%3Aopen%26settings%3DeyJpZCI6MTM3NTksInRvZ2dsZSI6ZmFsc2V9\" class=\"elementor-icon elementor-animation-grow\" tabindex=\"-1\" aria-label=\"Kontakt aufnehmen\">\n\t\t\t\t<i aria-hidden=\"true\" class=\"fas fa-comments\"><\/i>\t\t\t\t<\/a>\n\t\t\t<\/div>\n\t\t\t\n\t\t\t\t\t\t<div class=\"elementor-icon-box-content\">\n\n\t\t\t\t\t\t\t\t\t<p class=\"elementor-icon-box-title\">\n\t\t\t\t\t\t<a href=\"#elementor-action%3Aaction%3Dpopup%3Aopen%26settings%3DeyJpZCI6MTM3NTksInRvZ2dsZSI6ZmFsc2V9\" >\n\t\t\t\t\t\t\tKontakt aufnehmen\t\t\t\t\t\t<\/a>\n\t\t\t\t\t<\/p>\n\t\t\t\t\n\t\t\t\t\n\t\t\t<\/div>\n\t\t\t\n\t\t<\/div>\n\t\t\t\t\t\t<\/div>\n\t\t\t\t<\/div>\n\t\t\t\t<\/div>\n\t\t\t\t<\/div>\n\t\t\t\t<\/div>\n\t\t<\/div>\n\t\t\t\t\t\t<\/div>\n\t\t\t\t<\/div>\n\t\t\t\t<\/div>\n\t\t\t\t<\/div>\n\t\t","protected":false},"excerpt":{"rendered":"<p>\u00dcber uns Unsere Geschichte Das Team der Jaeger EnviroTech GmbH besteht, neben den wichtigen Mitarbeiter:innen in der Produktion und Administration, aus hochqualifizierten Ingenieur:innen, Umwelttechniker:innen, die mithilfe ihrer Expertise innovative und ma\u00dfgeschneiderte L\u00f6sungen entwickeln und vertreiben. Hierbei steht in zunehmendem Ma\u00dfe der verantwortungsvolle Umgang mit unseren Ressourcen, Umweltvertr\u00e4glichkeit der verwendeten Materialien, die Effizienz der Prozesse und [&hellip;]<\/p>\n","protected":false},"author":2,"featured_media":0,"parent":0,"menu_order":0,"comment_status":"closed","ping_status":"closed","template":"","meta":{"_acf_changed":false,"inline_featured_image":false,"footnotes":""},"class_list":["post-13799","page","type-page","status-publish","hentry"],"acf":[],"_links":{"self":[{"href":"https:\/\/jaeger-envirotech.com\/de\/wp-json\/wp\/v2\/pages\/13799","targetHints":{"allow":["GET"]}}],"collection":[{"href":"https:\/\/jaeger-envirotech.com\/de\/wp-json\/wp\/v2\/pages"}],"about":[{"href":"https:\/\/jaeger-envirotech.com\/de\/wp-json\/wp\/v2\/types\/page"}],"author":[{"embeddable":true,"href":"https:\/\/jaeger-envirotech.com\/de\/wp-json\/wp\/v2\/users\/2"}],"replies":[{"embeddable":true,"href":"https:\/\/jaeger-envirotech.com\/de\/wp-json\/wp\/v2\/comments?post=13799"}],"version-history":[{"count":124,"href":"https:\/\/jaeger-envirotech.com\/de\/wp-json\/wp\/v2\/pages\/13799\/revisions"}],"predecessor-version":[{"id":18926,"href":"https:\/\/jaeger-envirotech.com\/de\/wp-json\/wp\/v2\/pages\/13799\/revisions\/18926"}],"wp:attachment":[{"href":"https:\/\/jaeger-envirotech.com\/de\/wp-json\/wp\/v2\/media?parent=13799"}],"curies":[{"name":"wp","href":"https:\/\/api.w.org\/{rel}","templated":true}]}}