{"id":344,"date":"2023-02-06T09:55:07","date_gmt":"2023-02-06T09:55:07","guid":{"rendered":"https:\/\/jaeger-envirotech.com\/?page_id=344"},"modified":"2025-12-05T09:50:23","modified_gmt":"2025-12-05T09:50:23","slug":"impressum","status":"publish","type":"page","link":"https:\/\/jaeger-envirotech.com\/de\/impressum\/","title":{"rendered":"Impressum"},"content":{"rendered":"\t\t<div data-elementor-type=\"wp-page\" data-elementor-id=\"344\" class=\"elementor elementor-344\" data-elementor-post-type=\"page\">\n\t\t\t\t<div class=\"elementor-element elementor-element-be0f37e e-con-full e-flex e-con e-parent\" data-id=\"be0f37e\" data-element_type=\"container\" data-e-type=\"container\" data-settings=\"{&quot;background_background&quot;:&quot;classic&quot;,&quot;animation&quot;:&quot;none&quot;,&quot;shape_divider_bottom&quot;:&quot;opacity-tilt&quot;}\">\n\t\t\t\t<div class=\"elementor-shape elementor-shape-bottom\" aria-hidden=\"true\" data-negative=\"false\">\n\t\t\t<svg xmlns=\"http:\/\/www.w3.org\/2000\/svg\" viewBox=\"0 0 2600 131.1\" preserveAspectRatio=\"none\">\n\t<path class=\"elementor-shape-fill\" d=\"M0 0L2600 0 2600 69.1 0 0z\"\/>\n\t<path class=\"elementor-shape-fill\" style=\"opacity:0.5\" d=\"M0 0L2600 0 2600 69.1 0 69.1z\"\/>\n\t<path class=\"elementor-shape-fill\" style=\"opacity:0.25\" d=\"M2600 0L0 0 0 130.1 2600 69.1z\"\/>\n<\/svg>\t\t<\/div>\n\t\t\t\t<\/div>\n\t\t<div class=\"elementor-element elementor-element-50b28b3 e-flex e-con-boxed e-con e-parent\" data-id=\"50b28b3\" data-element_type=\"container\" data-e-type=\"container\">\n\t\t\t\t\t<div class=\"e-con-inner\">\n\t\t\t\t<div class=\"elementor-element elementor-element-bf76cf7 elementor-widget elementor-widget-heading\" data-id=\"bf76cf7\" data-element_type=\"widget\" data-e-type=\"widget\" data-widget_type=\"heading.default\">\n\t\t\t\t<div class=\"elementor-widget-container\">\n\t\t\t\t\t<h1 class=\"elementor-heading-title elementor-size-default\">Impressum<\/h1>\t\t\t\t<\/div>\n\t\t\t\t<\/div>\n\t\t\t\t<div class=\"elementor-element elementor-element-7e598c5 elementor-widget elementor-widget-text-editor\" data-id=\"7e598c5\" data-element_type=\"widget\" data-e-type=\"widget\" data-widget_type=\"text-editor.default\">\n\t\t\t\t<div class=\"elementor-widget-container\">\n\t\t\t\t\t\t\t\t\t<p><strong>Angaben nach \u00a7 5 Digitale-Dienste-Gesetz (DDG)<\/strong><br \/>Jaeger EnviroTech GmbH<br \/>Lohweg 1<br \/>30559 Hannover<\/p><p>Tel. <a href=\"tel:+ 49 511 \u2013 5358 0\">+ 49 511 \u2013 5358 0<\/a><br \/>Fax + 49 511 \u2013 553394<br \/><a href=\"https:\/\/www.jaegergroup.com\/jaeger-envirotech\/\" target=\"_blank\" rel=\"noopener\">www.jaeger-envirotech.com<\/a><br \/><a href=\"mailto:info@development.jaeger-envirotech.com\">info@development.jaeger-envirotech.com\u00a0<\/a><\/p><p><strong>Vertretungsberechtigt gem\u00e4\u00df \u00a7 5 Nr. 1 DDG:<\/strong><\/p><p><strong>Gesch\u00e4ftsf\u00fchrer<\/strong>:<br \/>Dipl.-Kfm. Marius J\u00e4ger,<br \/>Hans-Christian von Consbruch<\/p><p><strong>Umsatzsteuer-Identnummer:<\/strong><br \/>DE300467016\u00a0<\/p><p><strong>Handelsregister:<\/strong><br \/>Registergericht Hannover HRB 212566\u00a0<\/p><p>Der Inhalt dieser Website ist gesch\u00fctzt. Vervielf\u00e4ltigung, \u00dcbertragung, Ver\u00f6ffentlichung oder Speicherung eines Teils oder des gesamten Inhalts in irgendeiner Form sind ohne schriftliche Genehmigung der Jaeger EnviroTech GmbH untersagt. Hiervon ausgenommen ist die auszugsweise Speicherung oder das Drucken von Teilen dieser Seiten f\u00fcr private Zwecke.<\/p><p>Jaeger EnviroTech GmbH beansprucht das Urheberrecht auf alle Dokumente und Grafiken dieser Seiten. Ausgenommen sind Logos fremder Firmen und Institutionen sowie Artikel und Grafiken, die mit Copyright eines anderen Autoren gekennzeichnet sind. Manche Seiten k\u00f6nnen Produkt- oder Firmennamen beinhalten, die gesch\u00fctzte Handelsnamen sind. Das Recht an den Fachbeitr\u00e4gen haben ausschlie\u00dflich die dort zitierten Personen.<\/p><p>F\u00fcr die Richtigkeit und Aktualit\u00e4t der angebotenen Informationen, insbesondere der rechtlichen Vorschriften, wird keine Gew\u00e4hr \u00fcbernommen. Alle Links und Nennungen von Fachbeitr\u00e4gen, Personen und anderen Daten auf dieser Homepage sind nicht als Wertung zu verstehen.<\/p><p>F\u00fcr die Richtigkeit der Informationen, die diese Seite beinhaltet, haftet weder der Autor, der Provider, noch irgendeine nat\u00fcrliche oder juristische Person. Jaeger EnviroTech GmbH \u00fcbernimmt keine Verantwortung f\u00fcr Material, das von Dritten produziert oder ver\u00f6ffentlicht wurde oder f\u00fcr den Inhalt der hier verlinkten Seiten.<\/p><p>Alle Informationen auf dieser Website werden einzig und allein zum Zwecke der allgemeinen und generellen Darstellung bereitgestellt und begr\u00fcnden keine gesch\u00e4ftlichen oder beruflichen Beziehungen irgendwelcher Art.<\/p>\t\t\t\t\t\t\t\t<\/div>\n\t\t\t\t<\/div>\n\t\t\t\t\t<\/div>\n\t\t\t\t<\/div>\n\t\t\t\t<\/div>\n\t\t","protected":false},"excerpt":{"rendered":"<p>Impressum Angaben nach \u00a7 5 Digitale-Dienste-Gesetz (DDG)Jaeger EnviroTech GmbHLohweg 130559 Hannover Tel. + 49 511 \u2013 5358 0Fax + 49 511 \u2013 553394www.jaeger-envirotech.cominfo@development.jaeger-envirotech.com\u00a0 Vertretungsberechtigt gem\u00e4\u00df \u00a7 5 Nr. 1 DDG: Gesch\u00e4ftsf\u00fchrer:Dipl.-Kfm. Marius J\u00e4ger,Hans-Christian von Consbruch Umsatzsteuer-Identnummer:DE300467016\u00a0 Handelsregister:Registergericht Hannover HRB 212566\u00a0 Der Inhalt dieser Website ist gesch\u00fctzt. Vervielf\u00e4ltigung, \u00dcbertragung, Ver\u00f6ffentlichung oder Speicherung eines Teils oder des [&hellip;]<\/p>\n","protected":false},"author":2,"featured_media":0,"parent":0,"menu_order":0,"comment_status":"closed","ping_status":"closed","template":"elementor_header_footer","meta":{"_acf_changed":false,"inline_featured_image":false,"footnotes":""},"class_list":["post-344","page","type-page","status-publish","hentry"],"acf":[],"_links":{"self":[{"href":"https:\/\/jaeger-envirotech.com\/de\/wp-json\/wp\/v2\/pages\/344","targetHints":{"allow":["GET"]}}],"collection":[{"href":"https:\/\/jaeger-envirotech.com\/de\/wp-json\/wp\/v2\/pages"}],"about":[{"href":"https:\/\/jaeger-envirotech.com\/de\/wp-json\/wp\/v2\/types\/page"}],"author":[{"embeddable":true,"href":"https:\/\/jaeger-envirotech.com\/de\/wp-json\/wp\/v2\/users\/2"}],"replies":[{"embeddable":true,"href":"https:\/\/jaeger-envirotech.com\/de\/wp-json\/wp\/v2\/comments?post=344"}],"version-history":[{"count":16,"href":"https:\/\/jaeger-envirotech.com\/de\/wp-json\/wp\/v2\/pages\/344\/revisions"}],"predecessor-version":[{"id":18889,"href":"https:\/\/jaeger-envirotech.com\/de\/wp-json\/wp\/v2\/pages\/344\/revisions\/18889"}],"wp:attachment":[{"href":"https:\/\/jaeger-envirotech.com\/de\/wp-json\/wp\/v2\/media?parent=344"}],"curies":[{"name":"wp","href":"https:\/\/api.w.org\/{rel}","templated":true}]}}