{"id":5150,"date":"2023-09-15T07:51:16","date_gmt":"2023-09-15T07:51:16","guid":{"rendered":"https:\/\/jaeger-envirotech.com\/?page_id=5150"},"modified":"2024-07-09T09:46:13","modified_gmt":"2024-07-09T09:46:13","slug":"kundenumfrage","status":"publish","type":"page","link":"https:\/\/jaeger-envirotech.com\/de\/kundenumfrage\/","title":{"rendered":"Kundenumfrage"},"content":{"rendered":"\t\t<div data-elementor-type=\"wp-page\" data-elementor-id=\"5150\" class=\"elementor elementor-5150\" data-elementor-post-type=\"page\">\n\t\t\t\t<div class=\"elementor-element elementor-element-83a8b93 e-con-full e-flex e-con e-parent\" data-id=\"83a8b93\" data-element_type=\"container\" data-e-type=\"container\" data-settings=\"{&quot;background_background&quot;:&quot;classic&quot;,&quot;animation&quot;:&quot;none&quot;,&quot;shape_divider_bottom&quot;:&quot;opacity-tilt&quot;}\">\n\t\t\t\t<div class=\"elementor-shape elementor-shape-bottom\" aria-hidden=\"true\" data-negative=\"false\">\n\t\t\t<svg xmlns=\"http:\/\/www.w3.org\/2000\/svg\" viewBox=\"0 0 2600 131.1\" preserveAspectRatio=\"none\">\n\t<path class=\"elementor-shape-fill\" d=\"M0 0L2600 0 2600 69.1 0 0z\"\/>\n\t<path class=\"elementor-shape-fill\" style=\"opacity:0.5\" d=\"M0 0L2600 0 2600 69.1 0 69.1z\"\/>\n\t<path class=\"elementor-shape-fill\" style=\"opacity:0.25\" d=\"M2600 0L0 0 0 130.1 2600 69.1z\"\/>\n<\/svg>\t\t<\/div>\n\t\t\t\t<\/div>\n\t\t<div class=\"elementor-element elementor-element-f1a3e01 e-flex e-con-boxed e-con e-parent\" data-id=\"f1a3e01\" data-element_type=\"container\" data-e-type=\"container\">\n\t\t\t\t\t<div class=\"e-con-inner\">\n\t\t<div class=\"elementor-element elementor-element-ae3617c e-con-full e-flex e-con e-child\" data-id=\"ae3617c\" data-element_type=\"container\" data-e-type=\"container\">\n\t\t\t\t<div class=\"elementor-element elementor-element-c3dbe14 elementor-widget elementor-widget-heading\" data-id=\"c3dbe14\" data-element_type=\"widget\" data-e-type=\"widget\" data-widget_type=\"heading.default\">\n\t\t\t\t<div class=\"elementor-widget-container\">\n\t\t\t\t\t<h1 class=\"elementor-heading-title elementor-size-default\">Kundenumfrage<\/h1>\t\t\t\t<\/div>\n\t\t\t\t<\/div>\n\t\t\t\t<div class=\"elementor-element elementor-element-72960fc elementor-widget elementor-widget-heading\" data-id=\"72960fc\" data-element_type=\"widget\" data-e-type=\"widget\" data-widget_type=\"heading.default\">\n\t\t\t\t<div class=\"elementor-widget-container\">\n\t\t\t\t\t<p class=\"elementor-heading-title elementor-size-default\">Mit Ihrer Unterst\u00fctzung zum gemeinsamen Erfolg!<\/p>\t\t\t\t<\/div>\n\t\t\t\t<\/div>\n\t\t\t\t<div class=\"elementor-element elementor-element-0249ad3 elementor-widget elementor-widget-formidable\" data-id=\"0249ad3\" data-element_type=\"widget\" data-e-type=\"widget\" data-widget_type=\"formidable.default\">\n\t\t\t\t<div class=\"elementor-widget-container\">\n\t\t\t\t\t<div class=\"frm_forms  with_frm_style frm_style_umfrage\" id=\"frm_form_22_container\" >\n<form enctype=\"multipart\/form-data\" method=\"post\" class=\"frm-show-form  frm_pro_form \" id=\"form_kundenumfrage_jut\" >\n<div class=\"frm_form_fields  frm_page_num_1\">\n<fieldset>\n<legend class=\"frm_screen_reader\">Kundenumfrage JUT<\/legend>\r\n\r\n<div class=\"frm_fields_container\">\n<div class=\"frm_rootline_group\" role=\"group\" tabindex=\"0\" aria-label=\"Seite 1 von 4\" ><ul class=\"frm_page_bar frm_rootline_4 frm_rootline frm_rootline_line  frm_show_lines frm_show_titles\"><li class=\"frm_rootline_single frm_current_page\"><input type=\"button\" value=\"1\" data-page=\"\" class=\" frm_page_1\" aria-disabled=\"true\" data-field=\"0\" aria-label=\"Info\"  \/><span class=\"frm_rootline_title\">Info<\/span><\/li><li class=\"frm_rootline_single\"><input type=\"button\" value=\"2\" data-page=\"4\" class=\"frm_page_skip frm_page_2\" data-field=\"388\" aria-label=\"Seite 2\"  \/><span class=\"frm_rootline_title\">Seite 2<\/span><\/li><li class=\"frm_rootline_single\"><input type=\"button\" value=\"3\" data-page=\"32\" class=\"frm_page_skip frm_page_3\" data-field=\"416\" aria-label=\"Seite 3\"  \/><span class=\"frm_rootline_title\">Seite 3<\/span><\/li>\t\t<li class=\"frm_rootline_single frm_rootline_show_hidden_steps_btn frm_hidden\">\n\t\t\t<input type=\"button\" class=\"frm_rootline_show_more_btn\" value=\"\u00b7\u00b7\u00b7\" \/>\n\t\t\t<ul class=\"frm_rootline_hidden_steps frm_hidden\"><\/ul>\n\t\t<\/li>\n\t\t<li class=\"frm_rootline_single\"><input type=\"button\" value=\"4\" data-page=\"45\" class=\"frm_page_skip frm_page_4\" data-field=\"429\" aria-label=\"Seite 4\"  \/><span class=\"frm_rootline_title\">Seite 4<\/span><\/li><\/ul><div class=\"frm_clearfix\"><\/div><\/div><input type=\"hidden\" name=\"frm_action\" value=\"create\" \/>\n<input type=\"hidden\" name=\"form_id\" value=\"22\" \/>\n<input type=\"hidden\" name=\"frm_hide_fields_22\" id=\"frm_hide_fields_22\" value=\"\" \/>\n<input type=\"hidden\" name=\"form_key\" value=\"kundenumfrage_jut\" \/>\n<input type=\"hidden\" name=\"item_meta[0]\" value=\"\" \/>\n<input type=\"hidden\" id=\"frm_submit_entry_22\" name=\"frm_submit_entry_22\" value=\"7e9493bf36\" \/><input type=\"hidden\" name=\"_wp_http_referer\" value=\"\/de\/wp-json\/wp\/v2\/pages\/5150\" \/><div id=\"frm_field_386_container\" class=\"frm_form_field  frm_half frm_first frm_html_container form-field\"><h7>Mit Ihrer Unterst\u00fctzung helfen Sie uns dabei, uns stetig zu verbessern und zuk\u00fcnftig noch besser auf Ihre W\u00fcnsche und Anforderungen einzugehen. F\u00fcr die Bearbeitung des Formulars zur Kundenzufriedenheit ben\u00f6tigen Sie <strong>nur etwa 5 Minuten<\/strong>. Wir freuen uns sehr auf Ihr Feedback sowie konstruktive Kritik und treten auch gerne im Anschluss pers\u00f6nlich mit Ihnen in Kontakt.<\/h7><\/div>\n<div id=\"frm_field_387_container\" class=\"frm_form_field  frm_half frm_html_container form-field\"><h7>Wir verwenden die von Ihnen in der Umfrage angegebenen Antworten f\u00fcr interne Zwecke zur Optimierung unserer Angebote und Prozesse. Sollten ausgew\u00e4hlte Antworten im Zusammenhang einer allgemeinen Unternehmenspr\u00e4sentation ver\u00f6ffentlich werden, werden Ihre Angaben selbstverst\u00e4ndlich anonymisiert dargestellt.<\/h7><\/div>\n<input type=\"hidden\" name=\"frm_page_order_22\" id=\"frm_page_order_22\" value=\"4\" \/><input type=\"hidden\" name=\"item_meta[390]\" id=\"field_aqj7bc439ccd9d9-0\" value=\"\"     \/>\n<input type=\"hidden\" name=\"item_meta[391]\" id=\"field_sr5ikf723cdedce-0\" value=\"\"     \/>\n<input type=\"hidden\" name=\"item_meta[392]\" id=\"field_bp8f9-0\" value=\"\"     \/>\n<input type=\"hidden\" name=\"item_meta[393]\" id=\"field_6g2l3-0\" value=\"\"     \/>\n<input type=\"hidden\" name=\"item_meta[394]\" id=\"field_pvft0\" value=\"\"     \/>\n<input type=\"hidden\" name=\"item_meta[396]\" id=\"field_21am0-0\" value=\"\"     \/>\n<input type=\"hidden\" name=\"item_meta[397]\" id=\"field_ykmb0-0\" value=\"\"     \/>\n<input type=\"hidden\" name=\"item_meta[398]\" id=\"field_p4gkm-0\" value=\"\"     \/>\n<input type=\"hidden\" name=\"item_meta[399]\" id=\"field_uglim-0\" value=\"\"     \/>\n<input type=\"hidden\" name=\"item_meta[401]\" id=\"field_bd3fg-0\" value=\"\"     \/>\n<input type=\"hidden\" name=\"item_meta[402]\" id=\"field_etkl3-0\" value=\"\"     \/>\n<input type=\"hidden\" name=\"item_meta[404]\" id=\"field_a40qe-0\" value=\"\"     \/>\n<input type=\"hidden\" name=\"item_meta[405]\" id=\"field_c1fny-0\" value=\"\"     \/>\n<input type=\"hidden\" name=\"item_meta[407]\" id=\"field_es7v1-0\" value=\"\"     \/>\n<input type=\"hidden\" name=\"item_meta[408]\" id=\"field_dimro-0\" value=\"\"     \/>\n<input type=\"hidden\" name=\"item_meta[409]\" id=\"field_to0e2-0\" value=\"\"     \/>\n<input type=\"hidden\" name=\"item_meta[411]\" id=\"field_ql2fq-0\" value=\"\"     \/>\n<input type=\"hidden\" name=\"item_meta[412]\" id=\"field_e2mnh-0\" value=\"\"     \/>\n<input type=\"hidden\" name=\"item_meta[413]\" id=\"field_ps4ii-0\" value=\"\"     \/>\n<input type=\"hidden\" name=\"item_meta[414]\" id=\"field_3gn7g-0\" value=\"\"     \/>\n<input type=\"hidden\" name=\"item_meta[416]\" id=\"field_3ltqq32e1e01a7c\" value=\"\"     \/>\n<input type=\"hidden\" name=\"item_meta[418]\" id=\"field_evmzxef87d5d8b4-0\" value=\"\"     \/>\n<input type=\"hidden\" name=\"item_meta[419]\" id=\"field_a0uex16b1073b32-0\" value=\"\"     \/>\n<input type=\"hidden\" name=\"item_meta[420]\" id=\"field_3rfu92be1155999-0\" value=\"\"     \/>\n<input type=\"hidden\" name=\"item_meta[421]\" id=\"field_slpjo15a64f5dba\" value=\"\"     \/>\n<input type=\"hidden\" name=\"item_meta[423]\" id=\"field_r1mka-0\" value=\"\"     \/>\n<input type=\"hidden\" name=\"item_meta[424]\" id=\"field_89c4i-0\" value=\"\"     \/>\n<input type=\"hidden\" name=\"item_meta[426]\" id=\"field_qzc60-0\" value=\"\"     \/>\n<input type=\"hidden\" name=\"item_meta[427]\" id=\"field_6lgzo\" value=\"\"     \/>\n<input type=\"hidden\" name=\"item_meta[429]\" id=\"field_cg02ldcd6c28c09\" value=\"\"     \/>\n<input type=\"hidden\" name=\"item_meta[432]\" id=\"field_upvsjae15b7da5d\" value=\"\"     \/>\n<input type=\"hidden\" name=\"item_meta[433]\" id=\"field_tz6nt1e3b63a3c8\" value=\"\"     \/>\n<input type=\"hidden\" name=\"item_meta[434]\" id=\"field_evd3raaabd8687e\" value=\"\"     \/>\n<input type=\"hidden\" name=\"item_meta[435]\" id=\"field_stbp144c2526cd0\" value=\"\"     \/>\n<input type=\"hidden\" name=\"item_meta[436]\" id=\"field_xdi4s4b9c7dadc3\" value=\"\"     \/>\n<input type=\"hidden\" name=\"item_meta[437]\" id=\"field_w5us38639d717ac\" value=\"\"     \/>\n<input type=\"hidden\" name=\"item_meta[438]\" id=\"field_og83p\" value=\"\"     \/>\n<input type=\"hidden\" name=\"item_meta[439]\" id=\"field_a6a2taad66e95bd\" value=\"\"     \/>\n<input type=\"hidden\" name=\"item_meta[440]\" id=\"field_ksdbo4efc58c0e5\" value=\"\"     \/>\n<input type=\"hidden\" name=\"item_meta[441]\" id=\"field_nb0wv066dedbaaf-0\" value=\"\"     \/>\n<input type=\"hidden\" name=\"item_meta[475]\" id=\"field_n3ys4\" value=\"\"     \/>\n\t<input type=\"hidden\" name=\"item_key\" value=\"\" \/>\n\t\t\t<div id=\"frm_field_504_container\">\n\t\t\t<label for=\"field_1tnq1\" >\n\t\t\t\tFalls Du menschlich bist, lasse dieses Feld leer.\t\t\t<\/label>\n\t\t\t<input  id=\"field_1tnq1\" type=\"text\" class=\"frm_form_field form-field frm_verify\" name=\"item_meta[504]\" value=\"\"  \/>\n\t\t<\/div>\n\t\t<input name=\"frm_state\" type=\"hidden\" value=\"M4kAo45WGQpmnXQWVMk97k2yhsl8Gjyrkvvh\/sk+6vZ3jqP2+Mp6scaS46yaHwQo\" \/><div class=\"frm_submit\">\r\n\r\n<button class=\"frm_button_submit\" type=\"submit\"  >Umfrage starten<\/button>\r\n\r\n<\/div><\/div>\n<\/fieldset>\n<\/div>\n\n<\/form>\n<\/div>\n\t\t\t\t<\/div>\n\t\t\t\t<\/div>\n\t\t\t\t<\/div>\n\t\t\t\t\t<\/div>\n\t\t\t\t<\/div>\n\t\t\t\t<\/div>\n\t\t","protected":false},"excerpt":{"rendered":"<p>Kundenumfrage Mit Ihrer Unterst\u00fctzung zum gemeinsamen Erfolg! Kundenumfrage JUT Info Seite 2 Seite 3 Seite 4 Mit Ihrer Unterst\u00fctzung zum gemeinsamen Erfolg! Mit Ihrer Unterst\u00fctzung helfen Sie uns dabei, uns stetig zu verbessern und zuk\u00fcnftig noch besser auf Ihre W\u00fcnsche und Anforderungen einzugehen. F\u00fcr die Bearbeitung des Formulars zur Kundenzufriedenheit ben\u00f6tigen Sie nur etwa 5 [&hellip;]<\/p>\n","protected":false},"author":2,"featured_media":0,"parent":0,"menu_order":0,"comment_status":"closed","ping_status":"closed","template":"elementor_header_footer","meta":{"_acf_changed":false,"inline_featured_image":false,"footnotes":""},"class_list":["post-5150","page","type-page","status-publish","hentry"],"acf":[],"_links":{"self":[{"href":"https:\/\/jaeger-envirotech.com\/de\/wp-json\/wp\/v2\/pages\/5150","targetHints":{"allow":["GET"]}}],"collection":[{"href":"https:\/\/jaeger-envirotech.com\/de\/wp-json\/wp\/v2\/pages"}],"about":[{"href":"https:\/\/jaeger-envirotech.com\/de\/wp-json\/wp\/v2\/types\/page"}],"author":[{"embeddable":true,"href":"https:\/\/jaeger-envirotech.com\/de\/wp-json\/wp\/v2\/users\/2"}],"replies":[{"embeddable":true,"href":"https:\/\/jaeger-envirotech.com\/de\/wp-json\/wp\/v2\/comments?post=5150"}],"version-history":[{"count":8,"href":"https:\/\/jaeger-envirotech.com\/de\/wp-json\/wp\/v2\/pages\/5150\/revisions"}],"predecessor-version":[{"id":17054,"href":"https:\/\/jaeger-envirotech.com\/de\/wp-json\/wp\/v2\/pages\/5150\/revisions\/17054"}],"wp:attachment":[{"href":"https:\/\/jaeger-envirotech.com\/de\/wp-json\/wp\/v2\/media?parent=5150"}],"curies":[{"name":"wp","href":"https:\/\/api.w.org\/{rel}","templated":true}]}}