{"id":16905,"date":"2024-07-08T09:16:39","date_gmt":"2024-07-08T09:16:39","guid":{"rendered":"https:\/\/jaeger-envirotech.com\/?page_id=16905"},"modified":"2024-07-09T09:47:49","modified_gmt":"2024-07-09T09:47:49","slug":"customer-survey","status":"publish","type":"page","link":"https:\/\/jaeger-envirotech.com\/en\/customer-survey\/","title":{"rendered":"Customer survey"},"content":{"rendered":"\t\t<div data-elementor-type=\"wp-page\" data-elementor-id=\"16905\" class=\"elementor elementor-16905 elementor-5150\" data-elementor-post-type=\"page\">\n\t\t\t\t<div class=\"elementor-element elementor-element-03c39c7 e-con-full e-flex e-con e-parent\" data-id=\"03c39c7\" data-element_type=\"container\" data-e-type=\"container\" data-settings=\"{&quot;background_background&quot;:&quot;classic&quot;,&quot;animation&quot;:&quot;none&quot;,&quot;shape_divider_bottom&quot;:&quot;opacity-tilt&quot;}\">\n\t\t\t\t<div class=\"elementor-shape elementor-shape-bottom\" aria-hidden=\"true\" data-negative=\"false\">\n\t\t\t<svg xmlns=\"http:\/\/www.w3.org\/2000\/svg\" viewBox=\"0 0 2600 131.1\" preserveAspectRatio=\"none\">\n\t<path class=\"elementor-shape-fill\" d=\"M0 0L2600 0 2600 69.1 0 0z\"\/>\n\t<path class=\"elementor-shape-fill\" style=\"opacity:0.5\" d=\"M0 0L2600 0 2600 69.1 0 69.1z\"\/>\n\t<path class=\"elementor-shape-fill\" style=\"opacity:0.25\" d=\"M2600 0L0 0 0 130.1 2600 69.1z\"\/>\n<\/svg>\t\t<\/div>\n\t\t\t\t<\/div>\n\t\t<div class=\"elementor-element elementor-element-254db9a e-flex e-con-boxed e-con e-parent\" data-id=\"254db9a\" data-element_type=\"container\" data-e-type=\"container\">\n\t\t\t\t\t<div class=\"e-con-inner\">\n\t\t<div class=\"elementor-element elementor-element-2513384 e-con-full e-flex e-con e-child\" data-id=\"2513384\" data-element_type=\"container\" data-e-type=\"container\">\n\t\t\t\t<div class=\"elementor-element elementor-element-0f46201 elementor-widget elementor-widget-heading\" data-id=\"0f46201\" data-element_type=\"widget\" data-e-type=\"widget\" data-widget_type=\"heading.default\">\n\t\t\t\t<div class=\"elementor-widget-container\">\n\t\t\t\t\t<h1 class=\"elementor-heading-title elementor-size-default\">Customer survey<\/h1>\t\t\t\t<\/div>\n\t\t\t\t<\/div>\n\t\t\t\t<div class=\"elementor-element elementor-element-098d9a4 elementor-widget elementor-widget-heading\" data-id=\"098d9a4\" data-element_type=\"widget\" data-e-type=\"widget\" data-widget_type=\"heading.default\">\n\t\t\t\t<div class=\"elementor-widget-container\">\n\t\t\t\t\t<p class=\"elementor-heading-title elementor-size-default\">With your support, we can achieve success together!<\/p>\t\t\t\t<\/div>\n\t\t\t\t<\/div>\n\t\t\t\t<div class=\"elementor-element elementor-element-8968731 elementor-widget elementor-widget-formidable\" data-id=\"8968731\" data-element_type=\"widget\" data-e-type=\"widget\" data-widget_type=\"formidable.default\">\n\t\t\t\t<div class=\"elementor-widget-container\">\n\t\t\t\t\t<div class=\"frm_forms  with_frm_style frm_style_umfrage\" id=\"frm_form_22_container\" >\n<form enctype=\"multipart\/form-data\" method=\"post\" class=\"frm-show-form  frm_pro_form \" id=\"form_kundenumfrage_jut\" >\n<div class=\"frm_form_fields  frm_page_num_1\">\n<fieldset>\n<legend class=\"frm_screen_reader\">Kundenumfrage JUT<\/legend>\r\n\r\n<div class=\"frm_fields_container\">\n<div class=\"frm_rootline_group\" role=\"group\" tabindex=\"0\" aria-label=\"Page 1 of 4\" ><ul class=\"frm_page_bar frm_rootline_4 frm_rootline frm_rootline_line  frm_show_lines frm_show_titles\"><li class=\"frm_rootline_single frm_current_page\"><input type=\"button\" value=\"1\" data-page=\"\" class=\" frm_page_1\" aria-disabled=\"true\" data-field=\"0\" aria-label=\"Info\"  \/><span class=\"frm_rootline_title\">Info<\/span><\/li><li class=\"frm_rootline_single\"><input type=\"button\" value=\"2\" data-page=\"4\" class=\"frm_page_skip frm_page_2\" data-field=\"388\" aria-label=\"Page 2\"  \/><span class=\"frm_rootline_title\">Page 2<\/span><\/li><li class=\"frm_rootline_single\"><input type=\"button\" value=\"3\" data-page=\"32\" class=\"frm_page_skip frm_page_3\" data-field=\"416\" aria-label=\"Page 3\"  \/><span class=\"frm_rootline_title\">Page 3<\/span><\/li>\t\t<li class=\"frm_rootline_single frm_rootline_show_hidden_steps_btn frm_hidden\">\n\t\t\t<input type=\"button\" class=\"frm_rootline_show_more_btn\" value=\"\u00b7\u00b7\u00b7\" \/>\n\t\t\t<ul class=\"frm_rootline_hidden_steps frm_hidden\"><\/ul>\n\t\t<\/li>\n\t\t<li class=\"frm_rootline_single\"><input type=\"button\" value=\"4\" data-page=\"45\" class=\"frm_page_skip frm_page_4\" data-field=\"429\" aria-label=\"Page 4\"  \/><span class=\"frm_rootline_title\">Page 4<\/span><\/li><\/ul><div class=\"frm_clearfix\"><\/div><\/div><input type=\"hidden\" name=\"frm_action\" value=\"create\" \/>\n<input type=\"hidden\" name=\"form_id\" value=\"22\" \/>\n<input type=\"hidden\" name=\"frm_hide_fields_22\" id=\"frm_hide_fields_22\" value=\"\" \/>\n<input type=\"hidden\" name=\"form_key\" value=\"kundenumfrage_jut\" \/>\n<input type=\"hidden\" name=\"item_meta[0]\" value=\"\" \/>\n<input type=\"hidden\" id=\"frm_submit_entry_22\" name=\"frm_submit_entry_22\" value=\"d1784fb935\" \/><input type=\"hidden\" name=\"_wp_http_referer\" value=\"\/en\/wp-json\/wp\/v2\/pages\/16905\" \/><div id=\"frm_field_386_container\" class=\"frm_form_field  frm_half frm_first frm_html_container form-field\">With your support, you help us to constantly improve and to better meet your needs and requirements in the future. It will take <strong>only about 5 minutes<\/strong> to complete the customer satisfaction form. We look forward to receiving your feedback and constructive criticism and will be happy to contact you personally afterwards.<\/div>\n<div id=\"frm_field_387_container\" class=\"frm_form_field  frm_half frm_html_container form-field\">We use the answers you provide in the survey for internal purposes to optimize our offers and processes. If selected answers are published in connection with a general company presentation, your information will of course be anonymized.<\/div>\n<input type=\"hidden\" name=\"frm_page_order_22\" id=\"frm_page_order_22\" value=\"4\" \/><input type=\"hidden\" name=\"item_meta[390]\" id=\"field_aqj7bc439ccd9d9-0\" value=\"\"     \/>\n<input type=\"hidden\" name=\"item_meta[391]\" id=\"field_sr5ikf723cdedce-0\" value=\"\"     \/>\n<input type=\"hidden\" name=\"item_meta[392]\" id=\"field_bp8f9-0\" value=\"\"     \/>\n<input type=\"hidden\" name=\"item_meta[393]\" id=\"field_6g2l3-0\" value=\"\"     \/>\n<input type=\"hidden\" name=\"item_meta[394]\" id=\"field_pvft0\" value=\"\"     \/>\n<input type=\"hidden\" name=\"item_meta[396]\" id=\"field_21am0-0\" value=\"\"     \/>\n<input type=\"hidden\" name=\"item_meta[397]\" id=\"field_ykmb0-0\" value=\"\"     \/>\n<input type=\"hidden\" name=\"item_meta[398]\" id=\"field_p4gkm-0\" value=\"\"     \/>\n<input type=\"hidden\" name=\"item_meta[399]\" id=\"field_uglim-0\" value=\"\"     \/>\n<input type=\"hidden\" name=\"item_meta[401]\" id=\"field_bd3fg-0\" value=\"\"     \/>\n<input type=\"hidden\" name=\"item_meta[402]\" id=\"field_etkl3-0\" value=\"\"     \/>\n<input type=\"hidden\" name=\"item_meta[404]\" id=\"field_a40qe-0\" value=\"\"     \/>\n<input type=\"hidden\" name=\"item_meta[405]\" id=\"field_c1fny-0\" value=\"\"     \/>\n<input type=\"hidden\" name=\"item_meta[407]\" id=\"field_es7v1-0\" value=\"\"     \/>\n<input type=\"hidden\" name=\"item_meta[408]\" id=\"field_dimro-0\" value=\"\"     \/>\n<input type=\"hidden\" name=\"item_meta[409]\" id=\"field_to0e2-0\" value=\"\"     \/>\n<input type=\"hidden\" name=\"item_meta[411]\" id=\"field_ql2fq-0\" value=\"\"     \/>\n<input type=\"hidden\" name=\"item_meta[412]\" id=\"field_e2mnh-0\" value=\"\"     \/>\n<input type=\"hidden\" name=\"item_meta[413]\" id=\"field_ps4ii-0\" value=\"\"     \/>\n<input type=\"hidden\" name=\"item_meta[414]\" id=\"field_3gn7g-0\" value=\"\"     \/>\n<input type=\"hidden\" name=\"item_meta[416]\" id=\"field_3ltqq32e1e01a7c\" value=\"\"     \/>\n<input type=\"hidden\" name=\"item_meta[418]\" id=\"field_evmzxef87d5d8b4-0\" value=\"\"     \/>\n<input type=\"hidden\" name=\"item_meta[419]\" id=\"field_a0uex16b1073b32-0\" value=\"\"     \/>\n<input type=\"hidden\" name=\"item_meta[420]\" id=\"field_3rfu92be1155999-0\" value=\"\"     \/>\n<input type=\"hidden\" name=\"item_meta[421]\" id=\"field_slpjo15a64f5dba\" value=\"\"     \/>\n<input type=\"hidden\" name=\"item_meta[423]\" id=\"field_r1mka-0\" value=\"\"     \/>\n<input type=\"hidden\" name=\"item_meta[424]\" id=\"field_89c4i-0\" value=\"\"     \/>\n<input type=\"hidden\" name=\"item_meta[426]\" id=\"field_qzc60-0\" value=\"\"     \/>\n<input type=\"hidden\" name=\"item_meta[427]\" id=\"field_6lgzo\" value=\"\"     \/>\n<input type=\"hidden\" name=\"item_meta[429]\" id=\"field_cg02ldcd6c28c09\" value=\"\"     \/>\n<input type=\"hidden\" name=\"item_meta[432]\" id=\"field_upvsjae15b7da5d\" value=\"\"     \/>\n<input type=\"hidden\" name=\"item_meta[433]\" id=\"field_tz6nt1e3b63a3c8\" value=\"\"     \/>\n<input type=\"hidden\" name=\"item_meta[434]\" id=\"field_evd3raaabd8687e\" value=\"\"     \/>\n<input type=\"hidden\" name=\"item_meta[435]\" id=\"field_stbp144c2526cd0\" value=\"\"     \/>\n<input type=\"hidden\" name=\"item_meta[436]\" id=\"field_xdi4s4b9c7dadc3\" value=\"\"     \/>\n<input type=\"hidden\" name=\"item_meta[437]\" id=\"field_w5us38639d717ac\" value=\"\"     \/>\n<input type=\"hidden\" name=\"item_meta[438]\" id=\"field_og83p\" value=\"\"     \/>\n<input type=\"hidden\" name=\"item_meta[439]\" id=\"field_a6a2taad66e95bd\" value=\"\"     \/>\n<input type=\"hidden\" name=\"item_meta[440]\" id=\"field_ksdbo4efc58c0e5\" value=\"\"     \/>\n<input type=\"hidden\" name=\"item_meta[441]\" id=\"field_nb0wv066dedbaaf-0\" value=\"\"     \/>\n<input type=\"hidden\" name=\"item_meta[475]\" id=\"field_n3ys4\" value=\"\"     \/>\n\t<input type=\"hidden\" name=\"item_key\" value=\"\" \/>\n\t\t\t<div id=\"frm_field_504_container\">\n\t\t\t<label for=\"field_iyu4r\" >\n\t\t\t\tIf you are human, leave this field blank.\t\t\t<\/label>\n\t\t\t<input  id=\"field_iyu4r\" type=\"text\" class=\"frm_form_field form-field frm_verify\" name=\"item_meta[504]\" value=\"\"  \/>\n\t\t<\/div>\n\t\t<input name=\"frm_state\" type=\"hidden\" value=\"M4kAo45WGQpmnXQWVMk97i5lmIclUJS+HfGbyAE33Ma01Gy20Y+kTIKKG0ROxjtQ\" \/><div class=\"frm_submit\">\r\n\r\n<button class=\"frm_button_submit\" type=\"submit\"  >Start survey<\/button>\r\n\r\n<\/div><\/div>\n<\/fieldset>\n<\/div>\n\n<\/form>\n<\/div>\n\t\t\t\t<\/div>\n\t\t\t\t<\/div>\n\t\t\t\t<\/div>\n\t\t\t\t\t<\/div>\n\t\t\t\t<\/div>\n\t\t\t\t<\/div>\n\t\t","protected":false},"excerpt":{"rendered":"<p>Customer survey With your support, we can achieve success together! Kundenumfrage JUT Info Seite 2 Seite 3 Seite 4 Mit Ihrer Unterst\u00fctzung zum gemeinsamen Erfolg! Mit Ihrer Unterst\u00fctzung helfen Sie uns dabei, uns stetig zu verbessern und zuk\u00fcnftig noch besser auf Ihre W\u00fcnsche und Anforderungen einzugehen. F\u00fcr die Bearbeitung des Formulars zur Kundenzufriedenheit ben\u00f6tigen Sie [&hellip;]<\/p>\n","protected":false},"author":2,"featured_media":0,"parent":0,"menu_order":0,"comment_status":"closed","ping_status":"closed","template":"elementor_header_footer","meta":{"_acf_changed":false,"inline_featured_image":false,"footnotes":""},"class_list":["post-16905","page","type-page","status-publish","hentry"],"acf":[],"_links":{"self":[{"href":"https:\/\/jaeger-envirotech.com\/en\/wp-json\/wp\/v2\/pages\/16905","targetHints":{"allow":["GET"]}}],"collection":[{"href":"https:\/\/jaeger-envirotech.com\/en\/wp-json\/wp\/v2\/pages"}],"about":[{"href":"https:\/\/jaeger-envirotech.com\/en\/wp-json\/wp\/v2\/types\/page"}],"author":[{"embeddable":true,"href":"https:\/\/jaeger-envirotech.com\/en\/wp-json\/wp\/v2\/users\/2"}],"replies":[{"embeddable":true,"href":"https:\/\/jaeger-envirotech.com\/en\/wp-json\/wp\/v2\/comments?post=16905"}],"version-history":[{"count":4,"href":"https:\/\/jaeger-envirotech.com\/en\/wp-json\/wp\/v2\/pages\/16905\/revisions"}],"predecessor-version":[{"id":17057,"href":"https:\/\/jaeger-envirotech.com\/en\/wp-json\/wp\/v2\/pages\/16905\/revisions\/17057"}],"wp:attachment":[{"href":"https:\/\/jaeger-envirotech.com\/en\/wp-json\/wp\/v2\/media?parent=16905"}],"curies":[{"name":"wp","href":"https:\/\/api.w.org\/{rel}","templated":true}]}}